{"id":10179,"date":"2023-09-13T12:43:48","date_gmt":"2023-09-13T12:43:48","guid":{"rendered":"https:\/\/bridge488.qodeinteractive.com\/?page_id=2"},"modified":"2025-10-20T14:35:14","modified_gmt":"2025-10-20T12:35:14","slug":"servicios","status":"publish","type":"page","link":"https:\/\/sublimevents.es\/en\/servicios\/","title":{"rendered":"Services"},"content":{"rendered":"<div data-elementor-type=\"wp-page\" data-elementor-id=\"10179\" class=\"elementor elementor-10179\">\n\t\t\t\t<div class=\"elementor-element elementor-element-59a89dc e-flex e-con-boxed parallax_section_no qode_elementor_container_no e-con e-parent\" data-id=\"59a89dc\" data-element_type=\"container\">\n\t\t\t\t\t<div class=\"e-con-inner\">\n\t\t\t\t<div class=\"elementor-element elementor-element-202541c elementor-widget elementor-widget-qi_addons_for_elementor_separator\" data-id=\"202541c\" data-element_type=\"widget\" data-widget_type=\"qi_addons_for_elementor_separator.default\">\n\t\t\t\t<div class=\"elementor-widget-container\">\n\t\t\t\t\t<div class=\"qodef-shortcode qodef-m qodef-qi-separator qodef-qi-clear qodef-separator--standard\">\n\t<div class=\"qodef-m-line\"><\/div>\n<\/div>\n\t\t\t\t<\/div>\n\t\t\t\t<\/div>\n\t\t\t\t\t<\/div>\n\t\t\t\t<\/div>\n\t\t<div class=\"elementor-element elementor-element-37ca3e8 e-flex e-con-boxed parallax_section_no qode_elementor_container_no e-con e-parent\" data-id=\"37ca3e8\" data-element_type=\"container\">\n\t\t\t\t\t<div class=\"e-con-inner\">\n\t\t<div class=\"elementor-element elementor-element-1e1450b e-con-full e-flex parallax_section_no qode_elementor_container_no e-con e-child\" data-id=\"1e1450b\" data-element_type=\"container\">\n\t\t\t\t<div class=\"elementor-element elementor-element-6c0d507 elementor-widget elementor-widget-image\" data-id=\"6c0d507\" data-element_type=\"widget\" data-widget_type=\"image.default\">\n\t\t\t\t\t\t\t\t\t\t\t\t\t\t\t<img fetchpriority=\"high\" decoding=\"async\" width=\"570\" height=\"570\" src=\"https:\/\/sublimevents.es\/wp-content\/uploads\/2025\/09\/personas-de-tiro-medio-en-un-evento-con-comida-570x570.jpg\" class=\"attachment-portfolio-square size-portfolio-square wp-image-10299\" alt=\"\" srcset=\"https:\/\/sublimevents.es\/wp-content\/uploads\/2025\/09\/personas-de-tiro-medio-en-un-evento-con-comida-570x570.jpg 570w, https:\/\/sublimevents.es\/wp-content\/uploads\/2025\/09\/personas-de-tiro-medio-en-un-evento-con-comida-150x150.jpg 150w, https:\/\/sublimevents.es\/wp-content\/uploads\/2025\/09\/personas-de-tiro-medio-en-un-evento-con-comida-500x500.jpg 500w, https:\/\/sublimevents.es\/wp-content\/uploads\/2025\/09\/personas-de-tiro-medio-en-un-evento-con-comida-1000x1000.jpg 1000w, https:\/\/sublimevents.es\/wp-content\/uploads\/2025\/09\/personas-de-tiro-medio-en-un-evento-con-comida-650x650.jpg 650w, https:\/\/sublimevents.es\/wp-content\/uploads\/2025\/09\/personas-de-tiro-medio-en-un-evento-con-comida-1300x1300.jpg 1300w, https:\/\/sublimevents.es\/wp-content\/uploads\/2025\/09\/personas-de-tiro-medio-en-un-evento-con-comida-300x300.jpg 300w, https:\/\/sublimevents.es\/wp-content\/uploads\/2025\/09\/personas-de-tiro-medio-en-un-evento-con-comida-100x100.jpg 100w\" sizes=\"(max-width: 570px) 100vw, 570px\" \/>\t\t\t\t\t\t\t\t\t\t\t\t\t\t\t<\/div>\n\t\t\t\t<\/div>\n\t\t<div class=\"elementor-element elementor-element-263fc88 e-con-full e-flex parallax_section_no qode_elementor_container_no e-con e-child\" data-id=\"263fc88\" data-element_type=\"container\">\n\t\t\t\t<div class=\"elementor-element elementor-element-6e98be7 elementor-widget elementor-widget-heading\" data-id=\"6e98be7\" data-element_type=\"widget\" data-widget_type=\"heading.default\">\n\t\t\t\t\t<h2 class=\"elementor-heading-title elementor-size-default\">Corporate Events<\/h2>\t\t\t\t<\/div>\n\t\t\t\t<div class=\"elementor-element elementor-element-03a0316 elementor-widget elementor-widget-text-editor\" data-id=\"03a0316\" data-element_type=\"widget\" data-widget_type=\"text-editor.default\">\n\t\t\t\t\t\t\t\t\t<p data-start=\"114\" data-end=\"346\">We create unique corporate experiences that combine creativity, strategy and a personal touch to reflect the essence of your brand. Every detail is designed to surprise, connect and leave a lasting impression on attendees.<\/p>\n<p data-start=\"348\" data-end=\"605\">Beyond aesthetics, we work with clear indicators to ensure a <strong data-start=\"426\" data-end=\"442\">positive ROI<\/strong>, measuring satisfaction, engagement and tangible return. We integrate innovation, sustainability and inclusion to bring real value to your company and your guests.<\/p>\n<p data-start=\"607\" data-end=\"768\">Nuestro objetivo: transformar cada evento en una herramienta poderosa de comunicaci\u00f3n, relaciones y crecimiento, donde lo memorable se convierte en resultados.<\/p>\t\t\t\t\t\t\t\t<\/div>\n\t\t\t\t<\/div>\n\t\t\t\t\t<\/div>\n\t\t\t\t<\/div>\n\t\t<div class=\"elementor-element elementor-element-bf8625c e-flex e-con-boxed parallax_section_no qode_elementor_container_no e-con e-parent\" data-id=\"bf8625c\" data-element_type=\"container\">\n\t\t\t\t\t<div class=\"e-con-inner\">\n\t\t\t\t<div class=\"elementor-element elementor-element-4dd0808 elementor-widget elementor-widget-qi_addons_for_elementor_separator\" data-id=\"4dd0808\" data-element_type=\"widget\" data-widget_type=\"qi_addons_for_elementor_separator.default\">\n\t\t\t\t<div class=\"elementor-widget-container\">\n\t\t\t\t\t<div class=\"qodef-shortcode qodef-m qodef-qi-separator qodef-qi-clear qodef-separator--standard\">\n\t<div class=\"qodef-m-line\"><\/div>\n<\/div>\n\t\t\t\t<\/div>\n\t\t\t\t<\/div>\n\t\t\t\t\t<\/div>\n\t\t\t\t<\/div>\n\t\t<div class=\"elementor-element elementor-element-4ca05ed e-flex e-con-boxed parallax_section_no qode_elementor_container_no e-con e-parent\" data-id=\"4ca05ed\" data-element_type=\"container\">\n\t\t\t\t\t<div class=\"e-con-inner\">\n\t\t<div class=\"elementor-element elementor-element-6853cfb e-con-full e-flex parallax_section_no qode_elementor_container_no e-con e-child\" data-id=\"6853cfb\" data-element_type=\"container\">\n\t\t\t\t<div class=\"elementor-element elementor-element-537e9b4 elementor-widget elementor-widget-heading\" data-id=\"537e9b4\" data-element_type=\"widget\" data-widget_type=\"heading.default\">\n\t\t\t\t\t<h2 class=\"elementor-heading-title elementor-size-default\">Private Events<\/h2>\t\t\t\t<\/div>\n\t\t\t\t<div class=\"elementor-element elementor-element-ab6d8e5 elementor-widget elementor-widget-text-editor\" data-id=\"ab6d8e5\" data-element_type=\"widget\" data-widget_type=\"text-editor.default\">\n\t\t\t\t\t\t\t\t\t<p style=\"caret-color: #000000; color: #000000;\" data-start=\"111\" data-end=\"374\">We design celebrations that transcend the conventional, creating\u00a0<strong data-start=\"176\" data-end=\"195\">unique moments<\/strong>\u00a0that reflect your style and personality. We specialise in making the impossible possible, always with innovation, creativity and impeccable attention to detail.<\/p>\n<p style=\"caret-color: #000000; color: #000000;\" data-start=\"376\" data-end=\"621\">Each event is a unique experience: from surprising settings to personalised proposals that excite and make a difference. Our commitment is to transform your vision into extraordinary memories that will last forever.<\/p>\t\t\t\t\t\t\t\t<\/div>\n\t\t\t\t<\/div>\n\t\t<div class=\"elementor-element elementor-element-1f79cef e-con-full e-flex parallax_section_no qode_elementor_container_no e-con e-child\" data-id=\"1f79cef\" data-element_type=\"container\">\n\t\t\t\t<div class=\"elementor-element elementor-element-337b7ca elementor-widget elementor-widget-image\" data-id=\"337b7ca\" data-element_type=\"widget\" data-widget_type=\"image.default\">\n\t\t\t\t\t\t\t\t\t\t\t\t\t\t\t<img decoding=\"async\" width=\"1024\" height=\"683\" src=\"https:\/\/sublimevents.es\/wp-content\/uploads\/2025\/09\/pasar-el-ano-nuevo-con-amigos-y-celebrar-1024x683.jpg\" class=\"attachment-large size-large wp-image-10300\" alt=\"\" srcset=\"https:\/\/sublimevents.es\/wp-content\/uploads\/2025\/09\/pasar-el-ano-nuevo-con-amigos-y-celebrar-1024x683.jpg 1024w, https:\/\/sublimevents.es\/wp-content\/uploads\/2025\/09\/pasar-el-ano-nuevo-con-amigos-y-celebrar-300x200.jpg 300w, https:\/\/sublimevents.es\/wp-content\/uploads\/2025\/09\/pasar-el-ano-nuevo-con-amigos-y-celebrar-768x512.jpg 768w, https:\/\/sublimevents.es\/wp-content\/uploads\/2025\/09\/pasar-el-ano-nuevo-con-amigos-y-celebrar-1536x1024.jpg 1536w, https:\/\/sublimevents.es\/wp-content\/uploads\/2025\/09\/pasar-el-ano-nuevo-con-amigos-y-celebrar-2048x1365.jpg 2048w, https:\/\/sublimevents.es\/wp-content\/uploads\/2025\/09\/pasar-el-ano-nuevo-con-amigos-y-celebrar-700x467.jpg 700w, https:\/\/sublimevents.es\/wp-content\/uploads\/2025\/09\/pasar-el-ano-nuevo-con-amigos-y-celebrar-600x400.jpg 600w\" sizes=\"(max-width: 1024px) 100vw, 1024px\" \/>\t\t\t\t\t\t\t\t\t\t\t\t\t\t\t<\/div>\n\t\t\t\t<\/div>\n\t\t\t\t\t<\/div>\n\t\t\t\t<\/div>\n\t\t<div class=\"elementor-element elementor-element-d9ca312 e-flex e-con-boxed parallax_section_no qode_elementor_container_no e-con e-parent\" data-id=\"d9ca312\" data-element_type=\"container\">\n\t\t\t\t\t<div class=\"e-con-inner\">\n\t\t\t\t<div class=\"elementor-element elementor-element-591ce99 elementor-widget elementor-widget-qi_addons_for_elementor_separator\" data-id=\"591ce99\" data-element_type=\"widget\" data-widget_type=\"qi_addons_for_elementor_separator.default\">\n\t\t\t\t<div class=\"elementor-widget-container\">\n\t\t\t\t\t<div class=\"qodef-shortcode qodef-m qodef-qi-separator qodef-qi-clear qodef-separator--standard\">\n\t<div class=\"qodef-m-line\"><\/div>\n<\/div>\n\t\t\t\t<\/div>\n\t\t\t\t<\/div>\n\t\t\t\t\t<\/div>\n\t\t\t\t<\/div>\n\t\t<div class=\"elementor-element elementor-element-ed3a563 e-flex e-con-boxed parallax_section_no qode_elementor_container_no e-con e-parent\" data-id=\"ed3a563\" data-element_type=\"container\">\n\t\t\t\t\t<div class=\"e-con-inner\">\n\t\t<div class=\"elementor-element elementor-element-9e906b3 e-con-full e-flex parallax_section_no qode_elementor_container_no e-con e-child\" data-id=\"9e906b3\" data-element_type=\"container\">\n\t\t\t\t<div class=\"elementor-element elementor-element-c7d86b8 elementor-widget elementor-widget-image\" data-id=\"c7d86b8\" data-element_type=\"widget\" data-widget_type=\"image.default\">\n\t\t\t\t\t\t\t\t\t\t\t\t\t\t\t<img decoding=\"async\" width=\"500\" height=\"380\" src=\"https:\/\/sublimevents.es\/wp-content\/uploads\/2025\/09\/spencer-chow-bftMZBphNuA-unsplash-500x380.jpg\" class=\"attachment-portfolio_slider size-portfolio_slider wp-image-10301\" alt=\"\" \/>\t\t\t\t\t\t\t\t\t\t\t\t\t\t\t<\/div>\n\t\t\t\t<\/div>\n\t\t<div class=\"elementor-element elementor-element-cc7526c e-con-full e-flex parallax_section_no qode_elementor_container_no e-con e-child\" data-id=\"cc7526c\" data-element_type=\"container\">\n\t\t\t\t<div class=\"elementor-element elementor-element-969b0e8 elementor-widget elementor-widget-heading\" data-id=\"969b0e8\" data-element_type=\"widget\" data-widget_type=\"heading.default\">\n\t\t\t\t\t<h2 class=\"elementor-heading-title elementor-size-default\">Logistics &amp; planning<\/h2>\t\t\t\t<\/div>\n\t\t\t\t<div class=\"elementor-element elementor-element-39bd0ff elementor-widget elementor-widget-text-editor\" data-id=\"39bd0ff\" data-element_type=\"widget\" data-widget_type=\"text-editor.default\">\n\t\t\t\t\t\t\t\t\t<p style=\"caret-color: #000000; color: #000000;\" data-start=\"135\" data-end=\"427\">We offer a specialised logistical support service for artists and galleries visiting Barcelona for fairs, exhibitions or business. We take care of every detail of the trip and stay, ensuring\u00a0<strong data-start=\"351\" data-end=\"405\">profesionalismo, seriedad y total confidencialidad<\/strong>\u00a0cuando se requiere.<\/p>\n<p style=\"caret-color: #000000; color: #000000;\" data-start=\"429\" data-end=\"691\">Nuestro trato cercano y personalizado asegura que cada necesidad \u2014desde traslados y alojamiento hasta gestiones pr\u00e1cticas en la ciudad\u2014 se resuelva con eficacia y discreci\u00f3n, permitiendo que el foco est\u00e9 \u00fanicamente en el arte y en las oportunidades de negocio.<\/p>\t\t\t\t\t\t\t\t<\/div>\n\t\t\t\t<\/div>\n\t\t\t\t\t<\/div>\n\t\t\t\t<\/div>\n\t\t<div class=\"elementor-element elementor-element-628a52f e-flex e-con-boxed parallax_section_no qode_elementor_container_no e-con e-parent\" data-id=\"628a52f\" data-element_type=\"container\">\n\t\t\t\t\t<div class=\"e-con-inner\">\n\t\t\t\t<div class=\"elementor-element elementor-element-6af5fcf elementor-widget elementor-widget-qi_addons_for_elementor_separator\" data-id=\"6af5fcf\" data-element_type=\"widget\" data-widget_type=\"qi_addons_for_elementor_separator.default\">\n\t\t\t\t<div class=\"elementor-widget-container\">\n\t\t\t\t\t<div class=\"qodef-shortcode qodef-m qodef-qi-separator qodef-qi-clear qodef-separator--standard\">\n\t<div class=\"qodef-m-line\"><\/div>\n<\/div>\n\t\t\t\t<\/div>\n\t\t\t\t<\/div>\n\t\t\t\t<div class=\"elementor-element elementor-element-696f63f elementor-widget elementor-widget-text-editor\" data-id=\"696f63f\" data-element_type=\"widget\" data-widget_type=\"text-editor.default\">\n\t\t\t\t\t\t\t\t\t<h6><b>Contact us using the form below and we will respond shortly.<\/b><\/h6>\t\t\t\t\t\t\t\t<\/div>\n\t\t\t\t\t<\/div>\n\t\t\t\t<\/div>\n\t\t<div class=\"elementor-element elementor-element-4a91a81 e-flex e-con-boxed parallax_section_no qode_elementor_container_no e-con e-parent\" data-id=\"4a91a81\" data-element_type=\"container\">\n\t\t\t\t\t<div class=\"e-con-inner\">\n\t\t\t\t<div class=\"elementor-element elementor-element-25b6f69 elementor-widget elementor-widget-qi_addons_for_elementor_contact_form_7\" data-id=\"25b6f69\" data-element_type=\"widget\" data-widget_type=\"qi_addons_for_elementor_contact_form_7.default\">\n\t\t\t\t<div class=\"elementor-widget-container\">\n\t\t\t\t\t<div class=\"qodef-shortcode qodef-m qodef-qi-contact-form-7\">\n\t\n<div class=\"wpcf7 no-js\" id=\"wpcf7-f5-o1\" lang=\"es-ES\" dir=\"ltr\" data-wpcf7-id=\"5\">\n<div class=\"screen-reader-response\"><p role=\"status\" aria-live=\"polite\" aria-atomic=\"true\"><\/p> <ul><\/ul><\/div>\n<form action=\"\/en\/wp-json\/wp\/v2\/pages\/10179#wpcf7-f5-o1\" method=\"post\" class=\"wpcf7-form init\" aria-label=\"Formulario de contacto\" novalidate=\"novalidate\" data-status=\"init\" data-trp-original-action=\"\/en\/wp-json\/wp\/v2\/pages\/10179#wpcf7-f5-o1\">\n<fieldset class=\"hidden-fields-container\"><input type=\"hidden\" name=\"_wpcf7\" value=\"5\" \/><input type=\"hidden\" name=\"_wpcf7_version\" value=\"6.1.1\" \/><input type=\"hidden\" name=\"_wpcf7_locale\" value=\"es_ES\" \/><input type=\"hidden\" name=\"_wpcf7_unit_tag\" value=\"wpcf7-f5-o1\" \/><input type=\"hidden\" name=\"_wpcf7_container_post\" value=\"0\" \/><input type=\"hidden\" name=\"_wpcf7_posted_data_hash\" value=\"\" \/>\n<\/fieldset>\n<label> Your name\n    <span class=\"wpcf7-form-control-wrap\" data-name=\"your-name\"><input size=\"40\" maxlength=\"400\" class=\"wpcf7-form-control wpcf7-text wpcf7-validates-as-required\" autocomplete=\"name\" aria-required=\"true\" aria-invalid=\"false\" value=\"\" type=\"text\" name=\"your-name\" \/><\/span> <\/label>\n\n<label> E-mail\n    <span class=\"wpcf7-form-control-wrap\" data-name=\"your-email\"><input size=\"40\" maxlength=\"400\" class=\"wpcf7-form-control wpcf7-email wpcf7-validates-as-required wpcf7-text wpcf7-validates-as-email\" autocomplete=\"email\" aria-required=\"true\" aria-invalid=\"false\" value=\"\" type=\"email\" name=\"your-email\" \/><\/span> <\/label>\n\n<label> Subject\n    <span class=\"wpcf7-form-control-wrap\" data-name=\"your-subject\"><input size=\"40\" maxlength=\"400\" class=\"wpcf7-form-control wpcf7-text wpcf7-validates-as-required\" aria-required=\"true\" aria-invalid=\"false\" value=\"\" type=\"text\" name=\"your-subject\" \/><\/span> <\/label>\n\n<label> Your message\n    <span class=\"wpcf7-form-control-wrap\" data-name=\"your-message\"><textarea cols=\"40\" rows=\"10\" maxlength=\"2000\" class=\"wpcf7-form-control wpcf7-textarea\" aria-invalid=\"false\" name=\"your-message\"><\/textarea><\/span> <\/label>\n\n<input class=\"wpcf7-form-control wpcf7-submit has-spinner\" type=\"submit\" value=\"Enviar\" \/><div class=\"wpcf7-response-output\" aria-hidden=\"true\"><\/div>\n<input type=\"hidden\" name=\"trp-form-language\" value=\"en\"\/><\/form>\n<\/div>\n<\/div>\n\t\t\t\t<\/div>\n\t\t\t\t<\/div>\n\t\t\t\t\t<\/div>\n\t\t\t\t<\/div>\n\t\t\t\t<\/div>","protected":false},"excerpt":{"rendered":"<p>Eventos Corporativos: Creamos experiencias corporativas \u00fanicas que combinan creatividad, estrategia y un toque personal para reflejar la esencia de tu marca. Cada detalle est\u00e1 dise\u00f1ado para sorprender, generar conexi\u00f3n y dejar huella en los asistentes. M\u00e1s all\u00e1 de lo est\u00e9tico, trabajamos con indicadores claros para&#8230;<\/p>","protected":false},"author":1,"featured_media":0,"parent":0,"menu_order":0,"comment_status":"closed","ping_status":"closed","template":"","meta":{"content-type":"","footnotes":""},"class_list":["post-10179","page","type-page","status-publish","hentry"],"_links":{"self":[{"href":"https:\/\/sublimevents.es\/en\/wp-json\/wp\/v2\/pages\/10179","targetHints":{"allow":["GET"]}}],"collection":[{"href":"https:\/\/sublimevents.es\/en\/wp-json\/wp\/v2\/pages"}],"about":[{"href":"https:\/\/sublimevents.es\/en\/wp-json\/wp\/v2\/types\/page"}],"author":[{"embeddable":true,"href":"https:\/\/sublimevents.es\/en\/wp-json\/wp\/v2\/users\/1"}],"replies":[{"embeddable":true,"href":"https:\/\/sublimevents.es\/en\/wp-json\/wp\/v2\/comments?post=10179"}],"version-history":[{"count":10,"href":"https:\/\/sublimevents.es\/en\/wp-json\/wp\/v2\/pages\/10179\/revisions"}],"predecessor-version":[{"id":10405,"href":"https:\/\/sublimevents.es\/en\/wp-json\/wp\/v2\/pages\/10179\/revisions\/10405"}],"wp:attachment":[{"href":"https:\/\/sublimevents.es\/en\/wp-json\/wp\/v2\/media?parent=10179"}],"curies":[{"name":"wp","href":"https:\/\/api.w.org\/{rel}","templated":true}]}}