{"id":10214,"date":"2025-09-07T20:29:26","date_gmt":"2025-09-07T18:29:26","guid":{"rendered":"https:\/\/sublimevents.es\/?page_id=10214"},"modified":"2025-10-26T12:33:57","modified_gmt":"2025-10-26T11:33:57","slug":"private-events","status":"publish","type":"page","link":"https:\/\/sublimevents.es\/en\/private-events\/","title":{"rendered":"Private Events"},"content":{"rendered":"<div data-elementor-type=\"wp-page\" data-elementor-id=\"10214\" class=\"elementor elementor-10214\">\n\t\t\t\t<div class=\"elementor-element elementor-element-e1c2f5a e-flex e-con-boxed parallax_section_no qode_elementor_container_no e-con e-parent\" data-id=\"e1c2f5a\" data-element_type=\"container\">\n\t\t\t\t\t<div class=\"e-con-inner\">\n\t\t\t\t<div class=\"elementor-element elementor-element-61708e2 elementor-widget elementor-widget-heading\" data-id=\"61708e2\" data-element_type=\"widget\" data-widget_type=\"heading.default\">\n\t\t\t\t\t<h2 class=\"elementor-heading-title elementor-size-default\">Private Events<\/h2>\t\t\t\t<\/div>\n\t\t\t\t\t<\/div>\n\t\t\t\t<\/div>\n\t\t<div class=\"elementor-element elementor-element-60f6e1a e-flex e-con-boxed parallax_section_no qode_elementor_container_no e-con e-parent\" data-id=\"60f6e1a\" data-element_type=\"container\">\n\t\t\t\t\t<div class=\"e-con-inner\">\n\t\t<div class=\"elementor-element elementor-element-da9bc09 e-con-full e-flex parallax_section_no qode_elementor_container_no e-con e-child\" data-id=\"da9bc09\" data-element_type=\"container\">\n\t\t\t\t<div class=\"elementor-element elementor-element-907e353 elementor-widget elementor-widget-image\" data-id=\"907e353\" data-element_type=\"widget\" data-widget_type=\"image.default\">\n\t\t\t\t\t\t\t\t\t\t\t\t\t\t\t<img fetchpriority=\"high\" decoding=\"async\" width=\"1024\" height=\"682\" src=\"https:\/\/sublimevents.es\/wp-content\/uploads\/2025\/09\/music-7238254_1280-1-1024x682.jpg\" class=\"attachment-large size-large wp-image-10226\" alt=\"\" srcset=\"https:\/\/sublimevents.es\/wp-content\/uploads\/2025\/09\/music-7238254_1280-1-1024x682.jpg 1024w, https:\/\/sublimevents.es\/wp-content\/uploads\/2025\/09\/music-7238254_1280-1-300x200.jpg 300w, https:\/\/sublimevents.es\/wp-content\/uploads\/2025\/09\/music-7238254_1280-1-768x512.jpg 768w, https:\/\/sublimevents.es\/wp-content\/uploads\/2025\/09\/music-7238254_1280-1-700x466.jpg 700w, https:\/\/sublimevents.es\/wp-content\/uploads\/2025\/09\/music-7238254_1280-1-600x400.jpg 600w, https:\/\/sublimevents.es\/wp-content\/uploads\/2025\/09\/music-7238254_1280-1.jpg 1280w\" sizes=\"(max-width: 1024px) 100vw, 1024px\" \/>\t\t\t\t\t\t\t\t\t\t\t\t\t\t\t<\/div>\n\t\t\t\t<\/div>\n\t\t<div class=\"elementor-element elementor-element-a77d0d0 e-con-full e-flex parallax_section_no qode_elementor_container_no e-con e-child\" data-id=\"a77d0d0\" data-element_type=\"container\">\n\t\t\t\t<div class=\"elementor-element elementor-element-b6570b7 elementor-widget elementor-widget-text-editor\" data-id=\"b6570b7\" data-element_type=\"widget\" data-widget_type=\"text-editor.default\">\n\t\t\t\t\t\t\t\t\t<p style=\"caret-color: #000000; color: #000000;\" data-start=\"1122\" data-end=\"1479\">Every private celebration is a unique opportunity to create memories that will last a lifetime. Our commitment is to transform your ideas into amazing experiences that reflect your style and personality. We specialise in making the impossible possible, always with&nbsp;<strong data-start=\"1414\" data-end=\"1476\">innovation, emotion and an impeccable attention to detail.<\/strong>.<\/p>\n<p style=\"caret-color: #000000; color: #000000;\" data-start=\"1481\" data-end=\"1780\">From the design of the setting to the most personalised experiences, everything is planned to thrill and leave a lasting impression on each guest. Because we know that what really matters is not just organising an event, but&nbsp;<strong data-start=\"1699\" data-end=\"1777\">to create unrepeatable events that turn into extraordinary memories.<\/strong>.<\/p>\n<p style=\"caret-color: #000000; color: #000000;\" data-start=\"1782\" data-end=\"1952\">If you would like to to celebrate surpassing your expectations and turn it into an incredible experience&nbsp;<strong data-start=\"1880\" data-end=\"1949\">reach out to us and let's get hands on building your next great moment.<\/strong>.<\/p><p style=\"caret-color: #000000; color: #000000;\" data-start=\"1782\" data-end=\"1952\"><br><\/p>\n<p><b>Escr\u00edbenos aqu\u00ed abajo y te responderemos con la mayor brevedad posible.<\/b><\/p>\t\t\t\t\t\t\t\t<\/div>\n\t\t\t\t<\/div>\n\t\t\t\t\t<\/div>\n\t\t\t\t<\/div>\n\t\t<div class=\"elementor-element elementor-element-fac171b e-flex e-con-boxed parallax_section_no qode_elementor_container_no e-con e-parent\" data-id=\"fac171b\" data-element_type=\"container\">\n\t\t\t\t\t<div class=\"e-con-inner\">\n\t\t\t\t<div class=\"elementor-element elementor-element-f1a7b7d elementor-widget elementor-widget-qi_addons_for_elementor_contact_form_7\" data-id=\"f1a7b7d\" data-element_type=\"widget\" data-widget_type=\"qi_addons_for_elementor_contact_form_7.default\">\n\t\t\t\t<div class=\"elementor-widget-container\">\n\t\t\t\t\t<div class=\"qodef-shortcode qodef-m qodef-qi-contact-form-7\">\n\t\n<div class=\"wpcf7 no-js\" id=\"wpcf7-f5-o1\" lang=\"es-ES\" dir=\"ltr\" data-wpcf7-id=\"5\">\n<div class=\"screen-reader-response\"><p role=\"status\" aria-live=\"polite\" aria-atomic=\"true\"><\/p> <ul><\/ul><\/div>\n<form action=\"\/en\/wp-json\/wp\/v2\/pages\/10214#wpcf7-f5-o1\" method=\"post\" class=\"wpcf7-form init\" aria-label=\"Formulario de contacto\" novalidate=\"novalidate\" data-status=\"init\" data-trp-original-action=\"\/en\/wp-json\/wp\/v2\/pages\/10214#wpcf7-f5-o1\">\n<fieldset class=\"hidden-fields-container\"><input type=\"hidden\" name=\"_wpcf7\" value=\"5\" \/><input type=\"hidden\" name=\"_wpcf7_version\" value=\"6.1.1\" \/><input type=\"hidden\" name=\"_wpcf7_locale\" value=\"es_ES\" \/><input type=\"hidden\" name=\"_wpcf7_unit_tag\" value=\"wpcf7-f5-o1\" \/><input type=\"hidden\" name=\"_wpcf7_container_post\" value=\"0\" \/><input type=\"hidden\" name=\"_wpcf7_posted_data_hash\" value=\"\" \/>\n<\/fieldset>\n<label> Your name\n    <span class=\"wpcf7-form-control-wrap\" data-name=\"your-name\"><input size=\"40\" maxlength=\"400\" class=\"wpcf7-form-control wpcf7-text wpcf7-validates-as-required\" autocomplete=\"name\" aria-required=\"true\" aria-invalid=\"false\" value=\"\" type=\"text\" name=\"your-name\" \/><\/span> <\/label>\n\n<label> E-mail\n    <span class=\"wpcf7-form-control-wrap\" data-name=\"your-email\"><input size=\"40\" maxlength=\"400\" class=\"wpcf7-form-control wpcf7-email wpcf7-validates-as-required wpcf7-text wpcf7-validates-as-email\" autocomplete=\"email\" aria-required=\"true\" aria-invalid=\"false\" value=\"\" type=\"email\" name=\"your-email\" \/><\/span> <\/label>\n\n<label> Subject\n    <span class=\"wpcf7-form-control-wrap\" data-name=\"your-subject\"><input size=\"40\" maxlength=\"400\" class=\"wpcf7-form-control wpcf7-text wpcf7-validates-as-required\" aria-required=\"true\" aria-invalid=\"false\" value=\"\" type=\"text\" name=\"your-subject\" \/><\/span> <\/label>\n\n<label> Your message\n    <span class=\"wpcf7-form-control-wrap\" data-name=\"your-message\"><textarea cols=\"40\" rows=\"10\" maxlength=\"2000\" class=\"wpcf7-form-control wpcf7-textarea\" aria-invalid=\"false\" name=\"your-message\"><\/textarea><\/span> <\/label>\n\n<input class=\"wpcf7-form-control wpcf7-submit has-spinner\" type=\"submit\" value=\"Enviar\" \/><div class=\"wpcf7-response-output\" aria-hidden=\"true\"><\/div>\n<input type=\"hidden\" name=\"trp-form-language\" value=\"en\"\/><\/form>\n<\/div>\n<\/div>\n\t\t\t\t<\/div>\n\t\t\t\t<\/div>\n\t\t\t\t\t<\/div>\n\t\t\t\t<\/div>\n\t\t\t\t<\/div>","protected":false},"excerpt":{"rendered":"<p>Eventos Privados: Cada celebraci\u00f3n privada es una oportunidad \u00fanica para crear recuerdos que durar\u00e1n toda la vida. Nuestro compromiso es transformar tus ideas en experiencias sorprendentes, capaces de reflejar tu estilo y personalidad. Nos especializamos en hacer realidad lo que parece imposible, siempre con&nbsp;innovaci\u00f3n, emoci\u00f3n&#8230;<\/p>","protected":false},"author":1,"featured_media":0,"parent":0,"menu_order":0,"comment_status":"closed","ping_status":"closed","template":"","meta":{"content-type":"","footnotes":""},"class_list":["post-10214","page","type-page","status-publish","hentry"],"_links":{"self":[{"href":"https:\/\/sublimevents.es\/en\/wp-json\/wp\/v2\/pages\/10214","targetHints":{"allow":["GET"]}}],"collection":[{"href":"https:\/\/sublimevents.es\/en\/wp-json\/wp\/v2\/pages"}],"about":[{"href":"https:\/\/sublimevents.es\/en\/wp-json\/wp\/v2\/types\/page"}],"author":[{"embeddable":true,"href":"https:\/\/sublimevents.es\/en\/wp-json\/wp\/v2\/users\/1"}],"replies":[{"embeddable":true,"href":"https:\/\/sublimevents.es\/en\/wp-json\/wp\/v2\/comments?post=10214"}],"version-history":[{"count":22,"href":"https:\/\/sublimevents.es\/en\/wp-json\/wp\/v2\/pages\/10214\/revisions"}],"predecessor-version":[{"id":10467,"href":"https:\/\/sublimevents.es\/en\/wp-json\/wp\/v2\/pages\/10214\/revisions\/10467"}],"wp:attachment":[{"href":"https:\/\/sublimevents.es\/en\/wp-json\/wp\/v2\/media?parent=10214"}],"curies":[{"name":"wp","href":"https:\/\/api.w.org\/{rel}","templated":true}]}}