{"id":10215,"date":"2025-09-07T20:29:26","date_gmt":"2025-09-07T18:29:26","guid":{"rendered":"https:\/\/sublimevents.es\/?page_id=10215"},"modified":"2025-10-26T12:36:34","modified_gmt":"2025-10-26T11:36:34","slug":"company-events","status":"publish","type":"page","link":"https:\/\/sublimevents.es\/en\/company-events\/","title":{"rendered":"Company Events"},"content":{"rendered":"<div data-elementor-type=\"wp-page\" data-elementor-id=\"10215\" class=\"elementor elementor-10215\">\n\t\t\t\t<div class=\"elementor-element elementor-element-9270fd9 e-flex e-con-boxed parallax_section_no qode_elementor_container_no e-con e-parent\" data-id=\"9270fd9\" data-element_type=\"container\">\n\t\t\t\t\t<div class=\"e-con-inner\">\n\t\t<div class=\"elementor-element elementor-element-4e3972e e-con-full e-flex parallax_section_no qode_elementor_container_no e-con e-child\" data-id=\"4e3972e\" data-element_type=\"container\">\n\t\t\t\t<div class=\"elementor-element elementor-element-94a0a78 elementor-widget elementor-widget-heading\" data-id=\"94a0a78\" data-element_type=\"widget\" data-widget_type=\"heading.default\">\n\t\t\t\t\t<h2 class=\"elementor-heading-title elementor-size-default\">Corporate Events<\/h2>\t\t\t\t<\/div>\n\t\t\t\t<\/div>\n\t\t\t\t\t<\/div>\n\t\t\t\t<\/div>\n\t\t<div class=\"elementor-element elementor-element-bc03449 e-flex e-con-boxed parallax_section_no qode_elementor_container_no e-con e-parent\" data-id=\"bc03449\" data-element_type=\"container\">\n\t\t\t\t\t<div class=\"e-con-inner\">\n\t\t<div class=\"elementor-element elementor-element-2ef684b e-con-full e-flex parallax_section_no qode_elementor_container_no e-con e-child\" data-id=\"2ef684b\" data-element_type=\"container\">\n\t\t\t\t<div class=\"elementor-element elementor-element-1aa2d35 elementor-widget elementor-widget-image\" data-id=\"1aa2d35\" data-element_type=\"widget\" data-widget_type=\"image.default\">\n\t\t\t\t\t\t\t\t\t\t\t\t\t\t\t<img fetchpriority=\"high\" decoding=\"async\" width=\"1024\" height=\"683\" src=\"https:\/\/sublimevents.es\/wp-content\/uploads\/2025\/09\/personas-sonrientes-de-tiro-medio-chateando-en-el-evento-1024x683.jpg\" class=\"attachment-large size-large wp-image-10309\" alt=\"\" srcset=\"https:\/\/sublimevents.es\/wp-content\/uploads\/2025\/09\/personas-sonrientes-de-tiro-medio-chateando-en-el-evento-1024x683.jpg 1024w, https:\/\/sublimevents.es\/wp-content\/uploads\/2025\/09\/personas-sonrientes-de-tiro-medio-chateando-en-el-evento-300x200.jpg 300w, https:\/\/sublimevents.es\/wp-content\/uploads\/2025\/09\/personas-sonrientes-de-tiro-medio-chateando-en-el-evento-768x512.jpg 768w, https:\/\/sublimevents.es\/wp-content\/uploads\/2025\/09\/personas-sonrientes-de-tiro-medio-chateando-en-el-evento-1536x1024.jpg 1536w, https:\/\/sublimevents.es\/wp-content\/uploads\/2025\/09\/personas-sonrientes-de-tiro-medio-chateando-en-el-evento-2048x1365.jpg 2048w, https:\/\/sublimevents.es\/wp-content\/uploads\/2025\/09\/personas-sonrientes-de-tiro-medio-chateando-en-el-evento-700x467.jpg 700w, https:\/\/sublimevents.es\/wp-content\/uploads\/2025\/09\/personas-sonrientes-de-tiro-medio-chateando-en-el-evento-600x400.jpg 600w\" sizes=\"(max-width: 1024px) 100vw, 1024px\" \/>\t\t\t\t\t\t\t\t\t\t\t\t\t\t\t<\/div>\n\t\t\t\t<\/div>\n\t\t<div class=\"elementor-element elementor-element-bf89bc7 e-con-full e-flex parallax_section_no qode_elementor_container_no e-con e-child\" data-id=\"bf89bc7\" data-element_type=\"container\">\n\t\t\t\t<div class=\"elementor-element elementor-element-a15174e elementor-widget elementor-widget-text-editor\" data-id=\"a15174e\" data-element_type=\"widget\" data-widget_type=\"text-editor.default\">\n\t\t\t\t\t\t\t\t\t<p style=\"caret-color: #000000; color: #000000;\" data-start=\"205\" data-end=\"538\">A corporate event is much more than a meeting: it is a strategic tool for conveying the essence of your company, strengthening relationships and generating new business opportunities. Our approach combines\u00a0<strong data-start=\"419\" data-end=\"466\">creativity, innovation and a personal touch<\/strong>\u00a0in every detail, achieving experiences that surprise to be remembered.<\/p><p style=\"caret-color: #000000; color: #000000;\" data-start=\"540\" data-end=\"816\">We work with clear indicators to guarantee a\u00a0<strong data-start=\"593\" data-end=\"609\">positive ROI<\/strong>: from the satisfaction of the assistants to the sales impact, engagement and positioning of your brand. Every decision is a thoughtful one in order for your investment to be translated into tangible and measurable results.<\/p><p><span style=\"caret-color: #000000; color: #000000; background-color: #ffffff; text-align: var(--text-align);\">If you are looking for an ally that helps you communicate, inspire and generate real impact, we will happily help you designing an event to meet your objectives.<\/span><span style=\"caret-color: #000000; color: #000000; background-color: #ffffff; text-align: var(--text-align);\">\u00a0<\/span><strong style=\"caret-color: #000000; color: #000000; text-align: var(--text-align);\" data-start=\"977\" data-end=\"1075\">Let's talk and make of your next corporate event an unforgettable experience as well as a one with a return.<\/strong><\/p><p><b>Cont\u00e1ctanos aqu\u00ed abajo con tus necesidades y presupuesto y te darems respuesta con la mayor brevedad posible.<\/b><\/p>\t\t\t\t\t\t\t\t<\/div>\n\t\t\t\t<\/div>\n\t\t\t\t\t<\/div>\n\t\t\t\t<\/div>\n\t\t<div class=\"elementor-element elementor-element-79aac79 e-flex e-con-boxed parallax_section_no qode_elementor_container_no e-con e-parent\" data-id=\"79aac79\" data-element_type=\"container\">\n\t\t\t\t\t<div class=\"e-con-inner\">\n\t\t\t\t<div class=\"elementor-element elementor-element-502b2ac elementor-widget elementor-widget-qi_addons_for_elementor_contact_form_7\" data-id=\"502b2ac\" data-element_type=\"widget\" data-widget_type=\"qi_addons_for_elementor_contact_form_7.default\">\n\t\t\t\t<div class=\"elementor-widget-container\">\n\t\t\t\t\t<div class=\"qodef-shortcode qodef-m qodef-qi-contact-form-7\">\n\t\n<div class=\"wpcf7 no-js\" id=\"wpcf7-f5-o1\" lang=\"es-ES\" dir=\"ltr\" data-wpcf7-id=\"5\">\n<div class=\"screen-reader-response\"><p role=\"status\" aria-live=\"polite\" aria-atomic=\"true\"><\/p> <ul><\/ul><\/div>\n<form action=\"\/en\/wp-json\/wp\/v2\/pages\/10215#wpcf7-f5-o1\" method=\"post\" class=\"wpcf7-form init\" aria-label=\"Formulario de contacto\" novalidate=\"novalidate\" data-status=\"init\" data-trp-original-action=\"\/en\/wp-json\/wp\/v2\/pages\/10215#wpcf7-f5-o1\">\n<fieldset class=\"hidden-fields-container\"><input type=\"hidden\" name=\"_wpcf7\" value=\"5\" \/><input type=\"hidden\" name=\"_wpcf7_version\" value=\"6.1.1\" \/><input type=\"hidden\" name=\"_wpcf7_locale\" value=\"es_ES\" \/><input type=\"hidden\" name=\"_wpcf7_unit_tag\" value=\"wpcf7-f5-o1\" \/><input type=\"hidden\" name=\"_wpcf7_container_post\" value=\"0\" \/><input type=\"hidden\" name=\"_wpcf7_posted_data_hash\" value=\"\" \/>\n<\/fieldset>\n<label> Your name\n    <span class=\"wpcf7-form-control-wrap\" data-name=\"your-name\"><input size=\"40\" maxlength=\"400\" class=\"wpcf7-form-control wpcf7-text wpcf7-validates-as-required\" autocomplete=\"name\" aria-required=\"true\" aria-invalid=\"false\" value=\"\" type=\"text\" name=\"your-name\" \/><\/span> <\/label>\n\n<label> E-mail\n    <span class=\"wpcf7-form-control-wrap\" data-name=\"your-email\"><input size=\"40\" maxlength=\"400\" class=\"wpcf7-form-control wpcf7-email wpcf7-validates-as-required wpcf7-text wpcf7-validates-as-email\" autocomplete=\"email\" aria-required=\"true\" aria-invalid=\"false\" value=\"\" type=\"email\" name=\"your-email\" \/><\/span> <\/label>\n\n<label> Subject\n    <span class=\"wpcf7-form-control-wrap\" data-name=\"your-subject\"><input size=\"40\" maxlength=\"400\" class=\"wpcf7-form-control wpcf7-text wpcf7-validates-as-required\" aria-required=\"true\" aria-invalid=\"false\" value=\"\" type=\"text\" name=\"your-subject\" \/><\/span> <\/label>\n\n<label> Your message\n    <span class=\"wpcf7-form-control-wrap\" data-name=\"your-message\"><textarea cols=\"40\" rows=\"10\" maxlength=\"2000\" class=\"wpcf7-form-control wpcf7-textarea\" aria-invalid=\"false\" name=\"your-message\"><\/textarea><\/span> <\/label>\n\n<input class=\"wpcf7-form-control wpcf7-submit has-spinner\" type=\"submit\" value=\"Enviar\" \/><div class=\"wpcf7-response-output\" aria-hidden=\"true\"><\/div>\n<input type=\"hidden\" name=\"trp-form-language\" value=\"en\"\/><\/form>\n<\/div>\n<\/div>\n\t\t\t\t<\/div>\n\t\t\t\t<\/div>\n\t\t\t\t\t<\/div>\n\t\t\t\t<\/div>\n\t\t\t\t<\/div>","protected":false},"excerpt":{"rendered":"<p>Eventos Corporativos: Un evento corporativo es mucho m\u00e1s que una reuni\u00f3n: es una herramienta estrat\u00e9gica para transmitir la esencia de tu empresa, fortalecer relaciones y generar nuevas oportunidades de negocio. Nuestro enfoque combina\u00a0creatividad, innovaci\u00f3n y un toque personal\u00a0en cada detalle, logrando experiencias que sorprenden y&#8230;<\/p>","protected":false},"author":1,"featured_media":0,"parent":0,"menu_order":0,"comment_status":"closed","ping_status":"closed","template":"","meta":{"content-type":"","footnotes":""},"class_list":["post-10215","page","type-page","status-publish","hentry"],"_links":{"self":[{"href":"https:\/\/sublimevents.es\/en\/wp-json\/wp\/v2\/pages\/10215","targetHints":{"allow":["GET"]}}],"collection":[{"href":"https:\/\/sublimevents.es\/en\/wp-json\/wp\/v2\/pages"}],"about":[{"href":"https:\/\/sublimevents.es\/en\/wp-json\/wp\/v2\/types\/page"}],"author":[{"embeddable":true,"href":"https:\/\/sublimevents.es\/en\/wp-json\/wp\/v2\/users\/1"}],"replies":[{"embeddable":true,"href":"https:\/\/sublimevents.es\/en\/wp-json\/wp\/v2\/comments?post=10215"}],"version-history":[{"count":22,"href":"https:\/\/sublimevents.es\/en\/wp-json\/wp\/v2\/pages\/10215\/revisions"}],"predecessor-version":[{"id":10473,"href":"https:\/\/sublimevents.es\/en\/wp-json\/wp\/v2\/pages\/10215\/revisions\/10473"}],"wp:attachment":[{"href":"https:\/\/sublimevents.es\/en\/wp-json\/wp\/v2\/media?parent=10215"}],"curies":[{"name":"wp","href":"https:\/\/api.w.org\/{rel}","templated":true}]}}