{"id":10216,"date":"2025-09-07T20:29:26","date_gmt":"2025-09-07T18:29:26","guid":{"rendered":"https:\/\/sublimevents.es\/?page_id=10216"},"modified":"2025-09-17T19:50:46","modified_gmt":"2025-09-17T17:50:46","slug":"helping-artists-galleries","status":"publish","type":"page","link":"https:\/\/sublimevents.es\/en\/helping-artists-galleries\/","title":{"rendered":"Helping Artists &#038; Galleries"},"content":{"rendered":"<div data-elementor-type=\"wp-page\" data-elementor-id=\"10216\" class=\"elementor elementor-10216\">\n\t\t\t\t<div class=\"elementor-element elementor-element-6d1cc1f e-flex e-con-boxed parallax_section_no qode_elementor_container_no e-con e-parent\" data-id=\"6d1cc1f\" data-element_type=\"container\">\n\t\t\t\t\t<div class=\"e-con-inner\">\n\t\t\t\t<div class=\"elementor-element elementor-element-8a217d7 elementor-widget elementor-widget-heading\" data-id=\"8a217d7\" data-element_type=\"widget\" data-widget_type=\"heading.default\">\n\t\t\t\t\t<h2 class=\"elementor-heading-title elementor-size-default\">Log\u00edstica y planificaci\u00f3n para artistas y galer\u00edas:<\/h2>\t\t\t\t<\/div>\n\t\t\t\t\t<\/div>\n\t\t\t\t<\/div>\n\t\t<div class=\"elementor-element elementor-element-3480978 e-flex e-con-boxed parallax_section_no qode_elementor_container_no e-con e-parent\" data-id=\"3480978\" data-element_type=\"container\">\n\t\t\t\t\t<div class=\"e-con-inner\">\n\t\t<div class=\"elementor-element elementor-element-6b53514 e-con-full e-flex parallax_section_no qode_elementor_container_no e-con e-child\" data-id=\"6b53514\" data-element_type=\"container\">\n\t\t\t\t<div class=\"elementor-element elementor-element-1d5c0fc elementor-widget elementor-widget-image\" data-id=\"1d5c0fc\" data-element_type=\"widget\" data-widget_type=\"image.default\">\n\t\t\t\t\t\t\t\t\t\t\t\t\t\t\t<img fetchpriority=\"high\" decoding=\"async\" width=\"1024\" height=\"683\" src=\"https:\/\/sublimevents.es\/wp-content\/uploads\/2025\/09\/spencer-chow-XXbogO5FcEA-unsplash-1024x683.jpg\" class=\"attachment-large size-large wp-image-10314\" alt=\"\" srcset=\"https:\/\/sublimevents.es\/wp-content\/uploads\/2025\/09\/spencer-chow-XXbogO5FcEA-unsplash-1024x683.jpg 1024w, https:\/\/sublimevents.es\/wp-content\/uploads\/2025\/09\/spencer-chow-XXbogO5FcEA-unsplash-300x200.jpg 300w, https:\/\/sublimevents.es\/wp-content\/uploads\/2025\/09\/spencer-chow-XXbogO5FcEA-unsplash-768x512.jpg 768w, https:\/\/sublimevents.es\/wp-content\/uploads\/2025\/09\/spencer-chow-XXbogO5FcEA-unsplash-1536x1024.jpg 1536w, https:\/\/sublimevents.es\/wp-content\/uploads\/2025\/09\/spencer-chow-XXbogO5FcEA-unsplash-2048x1366.jpg 2048w, https:\/\/sublimevents.es\/wp-content\/uploads\/2025\/09\/spencer-chow-XXbogO5FcEA-unsplash-700x467.jpg 700w, https:\/\/sublimevents.es\/wp-content\/uploads\/2025\/09\/spencer-chow-XXbogO5FcEA-unsplash-600x400.jpg 600w\" sizes=\"(max-width: 1024px) 100vw, 1024px\" \/>\t\t\t\t\t\t\t\t\t\t\t\t\t\t\t<\/div>\n\t\t\t\t<\/div>\n\t\t<div class=\"elementor-element elementor-element-45382e3 e-con-full e-flex parallax_section_no qode_elementor_container_no e-con e-child\" data-id=\"45382e3\" data-element_type=\"container\">\n\t\t\t\t<div class=\"elementor-element elementor-element-dcb7b8a elementor-widget elementor-widget-text-editor\" data-id=\"dcb7b8a\" data-element_type=\"widget\" data-widget_type=\"text-editor.default\">\n\t\t\t\t\t\t\t\t\t<p style=\"caret-color: #000000; color: #000000;\" data-start=\"2029\" data-end=\"2348\">Barcelona is an essential meeting point for the art and business worlds. For artists and galleries visiting the city for fairs or exhibitions, we offer a specialised service\u00a0<strong data-start=\"2241\" data-end=\"2280\">in logistics and business planning,<\/strong>designed to guarantee your tranquility and efficiency in every step.<\/p><p style=\"caret-color: #000000; color: #000000;\" data-start=\"2350\" data-end=\"2650\">We take care of all travels, accommodation, reservations and any registration, always with\u00a0<strong data-start=\"2434\" data-end=\"2488\">reliability, professionalism and total confidentiality<\/strong>\u00a0when is needed. At the same time, we provide a friendly and personalised service, so that every visitor feels accompanied and supported during their stay.<\/p><p style=\"caret-color: #000000; color: #000000;\" data-start=\"2652\" data-end=\"2953\">Our goal is for you to be able to focus on what is truly important: art and business opportunities, while we take care of everything else running smoothly.\u00a0<strong data-start=\"2849\" data-end=\"2951\">if you are planning to come to Barcelona, reach out to us and lets us be your trusted ally.<\/strong><\/p>\t\t\t\t\t\t\t\t<\/div>\n\t\t\t\t<\/div>\n\t\t\t\t\t<\/div>\n\t\t\t\t<\/div>\n\t\t<div class=\"elementor-element elementor-element-343cea0 e-flex e-con-boxed parallax_section_no qode_elementor_container_no e-con e-parent\" data-id=\"343cea0\" data-element_type=\"container\">\n\t\t\t\t\t<div class=\"e-con-inner\">\n\t\t\t\t<div class=\"elementor-element elementor-element-296dc2d elementor-widget elementor-widget-qi_addons_for_elementor_contact_form_7\" data-id=\"296dc2d\" data-element_type=\"widget\" data-widget_type=\"qi_addons_for_elementor_contact_form_7.default\">\n\t\t\t\t<div class=\"elementor-widget-container\">\n\t\t\t\t\t<div class=\"qodef-shortcode qodef-m qodef-qi-contact-form-7\">\n\t\n<div class=\"wpcf7 no-js\" id=\"wpcf7-f10186-o1\" lang=\"en-US\" dir=\"ltr\" data-wpcf7-id=\"10186\">\n<div class=\"screen-reader-response\"><p role=\"status\" aria-live=\"polite\" aria-atomic=\"true\"><\/p> <ul><\/ul><\/div>\n<form action=\"\/en\/wp-json\/wp\/v2\/pages\/10216#wpcf7-f10186-o1\" method=\"post\" class=\"wpcf7-form init\" aria-label=\"Contact form\" novalidate=\"novalidate\" data-status=\"init\" data-trp-original-action=\"\/en\/wp-json\/wp\/v2\/pages\/10216#wpcf7-f10186-o1\">\n<fieldset class=\"hidden-fields-container\"><input type=\"hidden\" name=\"_wpcf7\" value=\"10186\" \/><input type=\"hidden\" name=\"_wpcf7_version\" value=\"6.1.1\" \/><input type=\"hidden\" name=\"_wpcf7_locale\" value=\"en_US\" \/><input type=\"hidden\" name=\"_wpcf7_unit_tag\" value=\"wpcf7-f10186-o1\" \/><input type=\"hidden\" name=\"_wpcf7_container_post\" value=\"0\" \/><input type=\"hidden\" name=\"_wpcf7_posted_data_hash\" value=\"\" \/>\n<\/fieldset>\n<label> Your name\n    <span class=\"wpcf7-form-control-wrap\" data-name=\"your-name\"><input size=\"40\" maxlength=\"400\" class=\"wpcf7-form-control wpcf7-text wpcf7-validates-as-required\" autocomplete=\"name\" aria-required=\"true\" aria-invalid=\"false\" value=\"\" type=\"text\" name=\"your-name\" \/><\/span> <\/label>\n\n<label> Your email\n    <span class=\"wpcf7-form-control-wrap\" data-name=\"your-email\"><input size=\"40\" maxlength=\"400\" class=\"wpcf7-form-control wpcf7-email wpcf7-validates-as-required wpcf7-text wpcf7-validates-as-email\" autocomplete=\"email\" aria-required=\"true\" aria-invalid=\"false\" value=\"\" type=\"email\" name=\"your-email\" \/><\/span> <\/label>\n\n<label> Subject\n    <span class=\"wpcf7-form-control-wrap\" data-name=\"your-subject\"><input size=\"40\" maxlength=\"400\" class=\"wpcf7-form-control wpcf7-text wpcf7-validates-as-required\" aria-required=\"true\" aria-invalid=\"false\" value=\"\" type=\"text\" name=\"your-subject\" \/><\/span> <\/label>\n\n<label> Your message (optional)\n    <span class=\"wpcf7-form-control-wrap\" data-name=\"your-message\"><textarea cols=\"40\" rows=\"10\" maxlength=\"2000\" class=\"wpcf7-form-control wpcf7-textarea\" aria-invalid=\"false\" name=\"your-message\"><\/textarea><\/span> <\/label>\n\n<input class=\"wpcf7-form-control wpcf7-submit has-spinner\" type=\"submit\" value=\"Submit\" \/><div class=\"wpcf7-response-output\" aria-hidden=\"true\"><\/div>\n<input type=\"hidden\" name=\"trp-form-language\" value=\"en\"\/><\/form>\n<\/div>\n<\/div>\n\t\t\t\t<\/div>\n\t\t\t\t<\/div>\n\t\t\t\t\t<\/div>\n\t\t\t\t<\/div>\n\t\t\t\t<\/div>","protected":false},"excerpt":{"rendered":"<p>Log\u00edstica y planificaci\u00f3n para artistas y galer\u00edas: Barcelona es un punto de encuentro imprescindible para el mundo del arte y los negocios. Para artistas y galer\u00edas que visitan la ciudad con motivo de ferias o exposiciones, ofrecemos un servicio especializado de\u00a0log\u00edstica y planificaci\u00f3n de viajes,&#8230;<\/p>","protected":false},"author":1,"featured_media":0,"parent":0,"menu_order":0,"comment_status":"closed","ping_status":"closed","template":"","meta":{"content-type":"","footnotes":""},"class_list":["post-10216","page","type-page","status-publish","hentry"],"_links":{"self":[{"href":"https:\/\/sublimevents.es\/en\/wp-json\/wp\/v2\/pages\/10216","targetHints":{"allow":["GET"]}}],"collection":[{"href":"https:\/\/sublimevents.es\/en\/wp-json\/wp\/v2\/pages"}],"about":[{"href":"https:\/\/sublimevents.es\/en\/wp-json\/wp\/v2\/types\/page"}],"author":[{"embeddable":true,"href":"https:\/\/sublimevents.es\/en\/wp-json\/wp\/v2\/users\/1"}],"replies":[{"embeddable":true,"href":"https:\/\/sublimevents.es\/en\/wp-json\/wp\/v2\/comments?post=10216"}],"version-history":[{"count":7,"href":"https:\/\/sublimevents.es\/en\/wp-json\/wp\/v2\/pages\/10216\/revisions"}],"predecessor-version":[{"id":10329,"href":"https:\/\/sublimevents.es\/en\/wp-json\/wp\/v2\/pages\/10216\/revisions\/10329"}],"wp:attachment":[{"href":"https:\/\/sublimevents.es\/en\/wp-json\/wp\/v2\/media?parent=10216"}],"curies":[{"name":"wp","href":"https:\/\/api.w.org\/{rel}","templated":true}]}}