{"id":10383,"date":"2025-10-20T13:05:46","date_gmt":"2025-10-20T11:05:46","guid":{"rendered":"https:\/\/sublimevents.es\/?page_id=10383"},"modified":"2025-10-20T13:14:21","modified_gmt":"2025-10-20T11:14:21","slug":"freelance","status":"publish","type":"page","link":"https:\/\/sublimevents.es\/en\/freelance\/","title":{"rendered":"Freelancing"},"content":{"rendered":"<div data-elementor-type=\"wp-page\" data-elementor-id=\"10383\" class=\"elementor elementor-10383\">\n\t\t\t\t<div class=\"elementor-element elementor-element-ce0b321 e-flex e-con-boxed parallax_section_no qode_elementor_container_no e-con e-parent\" data-id=\"ce0b321\" data-element_type=\"container\">\n\t\t\t\t\t<div class=\"e-con-inner\">\n\t\t\t\t<div class=\"elementor-element elementor-element-545a8b3 elementor-widget elementor-widget-heading\" data-id=\"545a8b3\" data-element_type=\"widget\" data-widget_type=\"heading.default\">\n\t\t\t\t\t<h2 class=\"elementor-heading-title elementor-size-default\">Freelancing<\/h2>\t\t\t\t<\/div>\n\t\t\t\t\t<\/div>\n\t\t\t\t<\/div>\n\t\t<div class=\"elementor-element elementor-element-5954c47 e-flex e-con-boxed parallax_section_no qode_elementor_container_no e-con e-parent\" data-id=\"5954c47\" data-element_type=\"container\">\n\t\t\t\t\t<div class=\"e-con-inner\">\n\t\t<div class=\"elementor-element elementor-element-e25579c e-con-full e-flex parallax_section_no qode_elementor_container_no e-con e-child\" data-id=\"e25579c\" data-element_type=\"container\">\n\t\t\t\t<div class=\"elementor-element elementor-element-85aac32 elementor-widget elementor-widget-image\" data-id=\"85aac32\" data-element_type=\"widget\" data-widget_type=\"image.default\">\n\t\t\t\t\t\t\t\t\t\t\t\t\t\t\t<img fetchpriority=\"high\" decoding=\"async\" width=\"1024\" height=\"576\" src=\"https:\/\/sublimevents.es\/wp-content\/uploads\/2025\/09\/freelance-4523096_1280-1024x576.jpg\" class=\"attachment-large size-large wp-image-10232\" alt=\"\" srcset=\"https:\/\/sublimevents.es\/wp-content\/uploads\/2025\/09\/freelance-4523096_1280-1024x576.jpg 1024w, https:\/\/sublimevents.es\/wp-content\/uploads\/2025\/09\/freelance-4523096_1280-300x169.jpg 300w, https:\/\/sublimevents.es\/wp-content\/uploads\/2025\/09\/freelance-4523096_1280-768x432.jpg 768w, https:\/\/sublimevents.es\/wp-content\/uploads\/2025\/09\/freelance-4523096_1280-700x394.jpg 700w, https:\/\/sublimevents.es\/wp-content\/uploads\/2025\/09\/freelance-4523096_1280-539x303.jpg 539w, https:\/\/sublimevents.es\/wp-content\/uploads\/2025\/09\/freelance-4523096_1280-600x338.jpg 600w, https:\/\/sublimevents.es\/wp-content\/uploads\/2025\/09\/freelance-4523096_1280.jpg 1280w\" sizes=\"(max-width: 1024px) 100vw, 1024px\" \/>\t\t\t\t\t\t\t\t\t\t\t\t\t\t\t<\/div>\n\t\t\t\t<\/div>\n\t\t<div class=\"elementor-element elementor-element-4b569ad e-con-full e-flex parallax_section_no qode_elementor_container_no e-con e-child\" data-id=\"4b569ad\" data-element_type=\"container\">\n\t\t\t\t<div class=\"elementor-element elementor-element-c71a840 elementor-widget elementor-widget-text-editor\" data-id=\"c71a840\" data-element_type=\"widget\" data-widget_type=\"text-editor.default\">\n\t\t\t\t\t\t\t\t\t<p>Don't hesitate to reach out if you need a person that shows loyalty, diligence, creativity and efficiency, and is not only able to meet tight deadlines but also surpass expectations.<\/p><p>\u00a0<\/p><p>\u00a0<\/p><p>Reach out to me filling the form below and I will get back to you briefly:<\/p>\t\t\t\t\t\t\t\t<\/div>\n\t\t\t\t<\/div>\n\t\t\t\t\t<\/div>\n\t\t\t\t<\/div>\n\t\t<div class=\"elementor-element elementor-element-62865e2 e-flex e-con-boxed parallax_section_no qode_elementor_container_no e-con e-parent\" data-id=\"62865e2\" data-element_type=\"container\">\n\t\t\t\t\t<div class=\"e-con-inner\">\n\t\t\t\t<div class=\"elementor-element elementor-element-68ca327 elementor-widget elementor-widget-qi_addons_for_elementor_contact_form_7\" data-id=\"68ca327\" data-element_type=\"widget\" data-widget_type=\"qi_addons_for_elementor_contact_form_7.default\">\n\t\t\t\t<div class=\"elementor-widget-container\">\n\t\t\t\t\t<div class=\"qodef-shortcode qodef-m qodef-qi-contact-form-7\">\n\t\n<div class=\"wpcf7 no-js\" id=\"wpcf7-f5-o1\" lang=\"es-ES\" dir=\"ltr\" data-wpcf7-id=\"5\">\n<div class=\"screen-reader-response\"><p role=\"status\" aria-live=\"polite\" aria-atomic=\"true\"><\/p> <ul><\/ul><\/div>\n<form action=\"\/en\/wp-json\/wp\/v2\/pages\/10383#wpcf7-f5-o1\" method=\"post\" class=\"wpcf7-form init\" aria-label=\"Formulario de contacto\" novalidate=\"novalidate\" data-status=\"init\" data-trp-original-action=\"\/en\/wp-json\/wp\/v2\/pages\/10383#wpcf7-f5-o1\">\n<fieldset class=\"hidden-fields-container\"><input type=\"hidden\" name=\"_wpcf7\" value=\"5\" \/><input type=\"hidden\" name=\"_wpcf7_version\" value=\"6.1.1\" \/><input type=\"hidden\" name=\"_wpcf7_locale\" value=\"es_ES\" \/><input type=\"hidden\" name=\"_wpcf7_unit_tag\" value=\"wpcf7-f5-o1\" \/><input type=\"hidden\" name=\"_wpcf7_container_post\" value=\"0\" \/><input type=\"hidden\" name=\"_wpcf7_posted_data_hash\" value=\"\" \/>\n<\/fieldset>\n<label> Your name\n    <span class=\"wpcf7-form-control-wrap\" data-name=\"your-name\"><input size=\"40\" maxlength=\"400\" class=\"wpcf7-form-control wpcf7-text wpcf7-validates-as-required\" autocomplete=\"name\" aria-required=\"true\" aria-invalid=\"false\" value=\"\" type=\"text\" name=\"your-name\" \/><\/span> <\/label>\n\n<label> E-mail\n    <span class=\"wpcf7-form-control-wrap\" data-name=\"your-email\"><input size=\"40\" maxlength=\"400\" class=\"wpcf7-form-control wpcf7-email wpcf7-validates-as-required wpcf7-text wpcf7-validates-as-email\" autocomplete=\"email\" aria-required=\"true\" aria-invalid=\"false\" value=\"\" type=\"email\" name=\"your-email\" \/><\/span> <\/label>\n\n<label> Subject\n    <span class=\"wpcf7-form-control-wrap\" data-name=\"your-subject\"><input size=\"40\" maxlength=\"400\" class=\"wpcf7-form-control wpcf7-text wpcf7-validates-as-required\" aria-required=\"true\" aria-invalid=\"false\" value=\"\" type=\"text\" name=\"your-subject\" \/><\/span> <\/label>\n\n<label> Your message\n    <span class=\"wpcf7-form-control-wrap\" data-name=\"your-message\"><textarea cols=\"40\" rows=\"10\" maxlength=\"2000\" class=\"wpcf7-form-control wpcf7-textarea\" aria-invalid=\"false\" name=\"your-message\"><\/textarea><\/span> <\/label>\n\n<input class=\"wpcf7-form-control wpcf7-submit has-spinner\" type=\"submit\" value=\"Enviar\" \/><div class=\"wpcf7-response-output\" aria-hidden=\"true\"><\/div>\n<input type=\"hidden\" name=\"trp-form-language\" value=\"en\"\/><\/form>\n<\/div>\n<\/div>\n\t\t\t\t<\/div>\n\t\t\t\t<\/div>\n\t\t\t\t\t<\/div>\n\t\t\t\t<\/div>\n\t\t\t\t<\/div>","protected":false},"excerpt":{"rendered":"<p>Freelancing Si necesitas una persona que destaca por su compromiso, diligencia, creatividad y eficiencia, que podr\u00e1 no solo cumplir con los acelerados tempos, pero tambi\u00e9n superar tus expectativas. \u00a0 \u00a0 Cont\u00e1ctame en el formulario aqu\u00ed debajo y te contactar\u00e9 en la mayor brevedad posible: Tu&#8230;<\/p>","protected":false},"author":1,"featured_media":0,"parent":0,"menu_order":0,"comment_status":"closed","ping_status":"closed","template":"","meta":{"content-type":"","footnotes":""},"class_list":["post-10383","page","type-page","status-publish","hentry"],"_links":{"self":[{"href":"https:\/\/sublimevents.es\/en\/wp-json\/wp\/v2\/pages\/10383","targetHints":{"allow":["GET"]}}],"collection":[{"href":"https:\/\/sublimevents.es\/en\/wp-json\/wp\/v2\/pages"}],"about":[{"href":"https:\/\/sublimevents.es\/en\/wp-json\/wp\/v2\/types\/page"}],"author":[{"embeddable":true,"href":"https:\/\/sublimevents.es\/en\/wp-json\/wp\/v2\/users\/1"}],"replies":[{"embeddable":true,"href":"https:\/\/sublimevents.es\/en\/wp-json\/wp\/v2\/comments?post=10383"}],"version-history":[{"count":6,"href":"https:\/\/sublimevents.es\/en\/wp-json\/wp\/v2\/pages\/10383\/revisions"}],"predecessor-version":[{"id":10439,"href":"https:\/\/sublimevents.es\/en\/wp-json\/wp\/v2\/pages\/10383\/revisions\/10439"}],"wp:attachment":[{"href":"https:\/\/sublimevents.es\/en\/wp-json\/wp\/v2\/media?parent=10383"}],"curies":[{"name":"wp","href":"https:\/\/api.w.org\/{rel}","templated":true}]}}