{"id":8394,"date":"2023-10-02T10:54:11","date_gmt":"2023-10-02T10:54:11","guid":{"rendered":"https:\/\/bridge488.qodeinteractive.com\/?page_id=8394"},"modified":"2025-10-24T13:35:13","modified_gmt":"2025-10-24T11:35:13","slug":"about-us","status":"publish","type":"page","link":"https:\/\/sublimevents.es\/en\/about-us\/","title":{"rendered":"About Us"},"content":{"rendered":"<div data-elementor-type=\"wp-page\" data-elementor-id=\"8394\" class=\"elementor elementor-8394\">\n\t\t\t\t<div class=\"elementor-element elementor-element-5cec6e3 e-con-full e-flex parallax_section_no qode_elementor_container_no e-con e-parent\" data-id=\"5cec6e3\" data-element_type=\"container\" data-settings=\"{&quot;background_background&quot;:&quot;classic&quot;}\">\n\t\t<div class=\"elementor-element elementor-element-766576a6 e-con-full e-flex parallax_section_no qode_elementor_container_no e-con e-child\" data-id=\"766576a6\" data-element_type=\"container\">\n\t\t\t\t<div class=\"elementor-element elementor-element-2df0cb2d elementor-widget elementor-widget-heading\" data-id=\"2df0cb2d\" data-element_type=\"widget\" data-widget_type=\"heading.default\">\n\t\t\t\t\t<h1 class=\"elementor-heading-title elementor-size-default\">About Us:<\/h1>\t\t\t\t<\/div>\n\t\t<div class=\"elementor-element elementor-element-6f732a89 e-con-full e-flex parallax_section_no qode_elementor_container_no e-con e-child\" data-id=\"6f732a89\" data-element_type=\"container\">\n\t\t\t\t<div class=\"elementor-element elementor-element-874be0b elementor-widget__width-initial elementor-widget elementor-widget-text-editor\" data-id=\"874be0b\" data-element_type=\"widget\" data-widget_type=\"text-editor.default\">\n\t\t\t\t\t\t\t\t\t<h2 class=\"elementor-heading-title elementor-size-default\"><span class=\"qodef-e-text qodef-e\">\"Constantly coming up with new creative ideas &amp; working on improving the existing methods in events\".<\/span><span class=\"qodef-e-text qodef-e\"> nuevas ideas creativas e innovadoras, as\u00ed como la mejora de m\u00e9todos actuales\u00bb<\/span><\/h2>\t\t\t\t\t\t\t\t<\/div>\n\t\t\t\t<\/div>\n\t\t\t\t<\/div>\n\t\t\t\t<\/div>\n\t\t<div class=\"elementor-element elementor-element-23238c2 e-flex e-con-boxed parallax_section_no qode_elementor_container_no e-con e-parent\" data-id=\"23238c2\" data-element_type=\"container\">\n\t\t\t\t\t<div class=\"e-con-inner\">\n\t\t<div class=\"elementor-element elementor-element-8d92951 e-con-full e-flex parallax_section_no qode_elementor_container_no e-con e-child\" data-id=\"8d92951\" data-element_type=\"container\">\n\t\t\t\t<div class=\"elementor-element elementor-element-325ba6f elementor-widget elementor-widget-bridge_team\" data-id=\"325ba6f\" data-element_type=\"widget\" data-widget_type=\"bridge_team.default\">\n\t\t\t\t<div class=\"elementor-widget-container\">\n\t\t\t\t\t<div class=\"q_team info_on_hover\" ><div class='q_team_inner'><div class=\"q_team_image\"><img decoding=\"async\" itemprop=\"image\" src=\"https:\/\/sublimevents.es\/wp-content\/uploads\/2025\/09\/1650994926323-2.jpeg\" alt=\"1650994926323-2\" \/><div class='q_team_text' style=\"background-color:#F7F7F7\"><div class='q_team_text_holder'><div class='q_team_text_holder_inner'><div class='q_team_text_inner'><div class='q_team_title_holder'><h4 class=\"q_team_name\" style=\"color: #1B3942\">Dani Fern\u00e1ndez<\/h4><span style=\"color: #67797E\">Founder<\/span><\/div><\/div><div class='q_team_social_holder'><span class='q_social_icon_holder normal_social' data-color=\"#1B3942\" ><a itemprop=\"url\" href=\"https:\/\/twitter.com\/QodeInteractive\" target=\"_blank\" rel=\"noopener\"><i class=\"qode_icon_font_awesome fa fa-twitter fa-2x simple_social\" style=\"color: #1B3942;\" ><\/i><\/a><\/span><span class='q_social_icon_holder normal_social' data-color=\"#1B3942\" ><a itemprop=\"url\" href=\"https:\/\/www.facebook.com\/QodeInteractive\/%20%20%20%20%20\" target=\"_blank\" rel=\"noopener\"><i class=\"qode_icon_font_awesome fa fa-facebook fa-2x simple_social\" style=\"color: #1B3942;\" ><\/i><\/a><\/span><span class='q_social_icon_holder normal_social' data-color=\"#1B3942\" ><a itemprop=\"url\" href=\"https:\/\/www.tumblr.com\/\" target=\"_blank\" rel=\"noopener\"><i class=\"qode_icon_font_awesome fa fa-tumblr fa-2x simple_social\" style=\"color: #1B3942;\" ><\/i><\/a><\/span><\/div><\/div><\/div><\/div><\/div><\/div><\/div>\t\t\t\t<\/div>\n\t\t\t\t<\/div>\n\t\t\t\t<\/div>\n\t\t\t\t<div class=\"elementor-element elementor-element-a6d3f86 elementor-widget elementor-widget-text-editor\" data-id=\"a6d3f86\" data-element_type=\"widget\" data-widget_type=\"text-editor.default\">\n\t\t\t\t\t\t\t\t\t<p style=\"font-style: normal; font-variant-caps: normal; font-stretch: normal; font-size: 16px; line-height: normal; font-family: 'Helvetica Neue'; font-size-adjust: none; font-kerning: auto; font-variant-alternates: normal; font-variant-ligatures: normal; font-variant-numeric: normal; font-variant-east-asian: normal; font-variant-position: normal; font-variant-emoji: normal; font-feature-settings: normal; font-optical-sizing: auto; font-variation-settings: normal; color: #000000;\">\u00a0<\/p><p>Mi nombre es Dani y soy un profesional con experiencia en operaciones, finanzas y eventos . Llevo desarrollando mi pasi\u00f3n por los eventos durante bastantes a\u00f1os, lo que me ha hecho darme cuenta que me quiero dedicar a ello; pese a que sea un mundo dif\u00edcil.<\/p><p>Desde que empec\u00e9 en el mundo laboral, pese a que no fuera mi trabajo espec\u00edfico, siempre me arrimaba a la persona o el equipo que lo hac\u00eda, llev\u00e1ndome a crecer y a aprender y ganar experiencia.\u00a0<\/p><p>Hasta ahora, que en mi puesto actual he podido centrarme m\u00e1s en ello y ver que realmente quer\u00eda comenzar esta nueva aventura.<\/p><p>\u00a0<\/p><p>\u00a0<\/p><p>\u00a0<\/p>\t\t\t\t\t\t\t\t<\/div>\n\t\t\t\t\t<\/div>\n\t\t\t\t<\/div>\n\t\t\t\t<\/div>","protected":false},"excerpt":{"rendered":"<p>Sobre Nosotros: \u00abConstantemente generando nuevas ideas creativas e innovadoras, as\u00ed como la mejora de m\u00e9todos actuales\u00bb Dani Fern\u00e1ndez Founder \u00a0 Mi nombre es Dani y soy un profesional con experiencia en operaciones, finanzas y eventos . Llevo desarrollando mi pasi\u00f3n por los eventos durante bastantes&#8230;<\/p>","protected":false},"author":1,"featured_media":0,"parent":0,"menu_order":0,"comment_status":"closed","ping_status":"closed","template":"full_width.php","meta":{"content-type":"","footnotes":""},"class_list":["post-8394","page","type-page","status-publish","hentry"],"_links":{"self":[{"href":"https:\/\/sublimevents.es\/en\/wp-json\/wp\/v2\/pages\/8394","targetHints":{"allow":["GET"]}}],"collection":[{"href":"https:\/\/sublimevents.es\/en\/wp-json\/wp\/v2\/pages"}],"about":[{"href":"https:\/\/sublimevents.es\/en\/wp-json\/wp\/v2\/types\/page"}],"author":[{"embeddable":true,"href":"https:\/\/sublimevents.es\/en\/wp-json\/wp\/v2\/users\/1"}],"replies":[{"embeddable":true,"href":"https:\/\/sublimevents.es\/en\/wp-json\/wp\/v2\/comments?post=8394"}],"version-history":[{"count":12,"href":"https:\/\/sublimevents.es\/en\/wp-json\/wp\/v2\/pages\/8394\/revisions"}],"predecessor-version":[{"id":10443,"href":"https:\/\/sublimevents.es\/en\/wp-json\/wp\/v2\/pages\/8394\/revisions\/10443"}],"wp:attachment":[{"href":"https:\/\/sublimevents.es\/en\/wp-json\/wp\/v2\/media?parent=8394"}],"curies":[{"name":"wp","href":"https:\/\/api.w.org\/{rel}","templated":true}]}}